{"id":148,"date":"2018-05-18T03:32:26","date_gmt":"2018-05-18T03:32:26","guid":{"rendered":"http:\/\/asia-omb.com\/?page_id=148"},"modified":"2020-01-14T20:04:38","modified_gmt":"2020-01-14T12:04:38","slug":"services-3","status":"publish","type":"page","link":"https:\/\/asia-omb.com\/fr\/services-3\/","title":{"rendered":"Notre approche"},"content":{"rendered":"<h2>Nous offrons quatre directions de travail en fonction de la vision, de l&rsquo;historique, et des voeux de nos clients :<\/h2>\n<p>&nbsp;<\/p>\n<p>&nbsp;<\/p>\n<h4><em><u>A-L&rsquo;Exp\u00e9rience \/ pour Milliardaire ou C\u00e9l\u00e9brit\u00e9<\/u><\/em><\/h4>\n<p>Du lancement de superyacht ou de nouvelle demeure, de festin extraordinaire ou de f\u00e9erique garden party, \u00e0 l&rsquo;invitation au voyage : \u00a0s\u00e9jour extr\u00eame ou aventure grandiose, le tout sur mesure.<\/p>\n<h4><em><u>B- Exp\u00e9riences in\u00e9dites \/ pour les marques de luxe, banques priv\u00e9es et corporation<br \/>\n<\/u><\/em><\/h4>\n<p>Du d\u00eener extraordinaire, \u00e0 l&rsquo;exposition intime ou exceptionnelle, de la soir\u00e9e de Gala, \u00e0 la r\u00e9-ouverture de magasin, ou encore au lancement global de produit iconique, haute joaillerie,\u00a0\u00a0le tout sur mesure.<\/p>\n<h4><em><u>C-\u00a0 Exp\u00e9rience de luxe \u00a0\/ Propri\u00e9t\u00e9 de luxe, h\u00f4tel 5 \u00e9toiles ou restaurants \u00e9toil\u00e9s<br \/>\n<\/u><\/em><\/h4>\n<p>D\u2019une remise \u00e0 niveau ou am\u00e9lioration de l&rsquo;exp\u00e9rience de bienvenue ou d&rsquo;ensemble de votre espace, au re-positionnement marketing et conceptuel de votre identit\u00e9, nous re-d\u00e9signons toute l&rsquo;exp\u00e9rience pour toucher la m\u00e9moire, le tout sur mesure.<\/p>\n<h4><em><u>D &#8211; Toute intuition est une exp\u00e9rience \u00e0 venir, on s&rsquo;assoit avec vous et on brainstorm<br \/>\n<\/u><\/em><\/h4>\n<p>De nouveaux concepts, histoires, ou rituels, ou des nouveaux formats d&rsquo;\u00e9v\u00e8nement, design in\u00e9dit, oeuvre d&rsquo;art, objet de service, ou gastronomie extraordinaire.<\/p>\n<p>&nbsp;<\/p>\n<h3 style=\"text-align: center;\"><a href=\"https:\/\/asia-omb.com\/fr\/member-area\/\">Portfolio<\/a><\/h3>\n<h3 style=\"text-align: center;\"><a href=\"https:\/\/asia-omb.com\/fr\/contact-ao\/\">Contact AO<\/a><\/h3>\n<p>&nbsp;<\/p>\n<p>&nbsp;<\/p>\n<p><img data-recalc-dims=\"1\" loading=\"lazy\" decoding=\"async\" data-attachment-id=\"465\" data-permalink=\"https:\/\/asia-omb.com\/fr\/asiaomb\/logo-asiaomb-bleu\/\" data-orig-file=\"https:\/\/i0.wp.com\/asia-omb.com\/wp-content\/uploads\/2018\/06\/LOGO-ASIAOMB-bleu-3034290448-1528090058181-e1528090189719.png?fit=3927%2C1692&amp;ssl=1\" data-orig-size=\"3927,1692\" data-comments-opened=\"0\" data-image-meta=\"{&quot;aperture&quot;:&quot;0&quot;,&quot;credit&quot;:&quot;&quot;,&quot;camera&quot;:&quot;&quot;,&quot;caption&quot;:&quot;&quot;,&quot;created_timestamp&quot;:&quot;0&quot;,&quot;copyright&quot;:&quot;&quot;,&quot;focal_length&quot;:&quot;0&quot;,&quot;iso&quot;:&quot;0&quot;,&quot;shutter_speed&quot;:&quot;0&quot;,&quot;title&quot;:&quot;&quot;,&quot;orientation&quot;:&quot;0&quot;}\" data-image-title=\"LOGO ASIAOMB-bleu\" data-image-description=\"\" data-image-caption=\"\" data-medium-file=\"https:\/\/i0.wp.com\/asia-omb.com\/wp-content\/uploads\/2018\/06\/LOGO-ASIAOMB-bleu-3034290448-1528090058181-e1528090189719.png?fit=300%2C129&amp;ssl=1\" data-large-file=\"https:\/\/i0.wp.com\/asia-omb.com\/wp-content\/uploads\/2018\/06\/LOGO-ASIAOMB-bleu-3034290448-1528090058181-e1528090189719.png?fit=820%2C353&amp;ssl=1\" class=\"aligncenter wp-image-465\" src=\"https:\/\/i0.wp.com\/asia-omb.com\/wp-content\/uploads\/2018\/06\/LOGO-ASIAOMB-bleu-3034290448-1528090058181-e1528090189719.png?resize=175%2C75&#038;ssl=1\" alt=\"\" width=\"175\" height=\"75\" srcset=\"https:\/\/i0.wp.com\/asia-omb.com\/wp-content\/uploads\/2018\/06\/LOGO-ASIAOMB-bleu-3034290448-1528090058181-e1528090189719.png?w=3927&amp;ssl=1 3927w, https:\/\/i0.wp.com\/asia-omb.com\/wp-content\/uploads\/2018\/06\/LOGO-ASIAOMB-bleu-3034290448-1528090058181-e1528090189719.png?resize=300%2C129&amp;ssl=1 300w, https:\/\/i0.wp.com\/asia-omb.com\/wp-content\/uploads\/2018\/06\/LOGO-ASIAOMB-bleu-3034290448-1528090058181-e1528090189719.png?resize=768%2C331&amp;ssl=1 768w, https:\/\/i0.wp.com\/asia-omb.com\/wp-content\/uploads\/2018\/06\/LOGO-ASIAOMB-bleu-3034290448-1528090058181-e1528090189719.png?resize=1024%2C441&amp;ssl=1 1024w, https:\/\/i0.wp.com\/asia-omb.com\/wp-content\/uploads\/2018\/06\/LOGO-ASIAOMB-bleu-3034290448-1528090058181-e1528090189719.png?resize=1500%2C646&amp;ssl=1 1500w, https:\/\/i0.wp.com\/asia-omb.com\/wp-content\/uploads\/2018\/06\/LOGO-ASIAOMB-bleu-3034290448-1528090058181-e1528090189719.png?w=1640&amp;ssl=1 1640w, https:\/\/i0.wp.com\/asia-omb.com\/wp-content\/uploads\/2018\/06\/LOGO-ASIAOMB-bleu-3034290448-1528090058181-e1528090189719.png?w=2460&amp;ssl=1 2460w\" sizes=\"auto, (max-width: 175px) 100vw, 175px\" \/><\/p>\n","protected":false},"excerpt":{"rendered":"<p>Nous offrons quatre directions de travail en fonction de la vision, de l&rsquo;historique, et des voeux de nos clients : &nbsp; &nbsp; A-L&rsquo;Exp\u00e9rience \/ pour Milliardaire ou C\u00e9l\u00e9brit\u00e9 Du lancement de superyacht ou de nouvelle demeure, de festin extraordinaire ou de f\u00e9erique garden party, \u00e0 l&rsquo;invitation au voyage : \u00a0s\u00e9jour extr\u00eame ou aventure grandiose, le [&hellip;]<\/p>\n","protected":false},"author":1,"featured_media":1945,"parent":0,"menu_order":0,"comment_status":"closed","ping_status":"closed","template":"fullwidth-page.php","meta":{"jetpack_post_was_ever_published":false,"footnotes":""},"class_list":["post-148","page","type-page","status-publish","has-post-thumbnail","hentry"],"translation":{"provider":"WPGlobus","version":"3.0.2","language":"fr","enabled_languages":["en","fr","zh","tw"],"languages":{"en":{"title":true,"content":true,"excerpt":false},"fr":{"title":true,"content":true,"excerpt":false},"zh":{"title":true,"content":true,"excerpt":false},"tw":{"title":true,"content":true,"excerpt":false}}},"yoast_head":"<!-- This site is optimized with the Yoast SEO plugin v27.3 - https:\/\/yoast.com\/product\/yoast-seo-wordpress\/ -->\n<title>Notre approche - Asia OMB<\/title>\n<meta name=\"robots\" content=\"index, follow, max-snippet:-1, max-image-preview:large, max-video-preview:-1\" \/>\n<link rel=\"canonical\" href=\"https:\/\/asia-omb.com\/services-3\/\" \/>\n<meta property=\"og:locale\" content=\"fr_FR\" \/>\n<meta property=\"og:type\" content=\"article\" \/>\n<meta property=\"og:title\" content=\"Notre approche - Asia OMB\" \/>\n<meta property=\"og:url\" content=\"https:\/\/asia-omb.com\/services-3\/\" \/>\n<meta property=\"og:site_name\" content=\"Asia OMB\" \/>\n<meta property=\"article:modified_time\" content=\"2020-01-14T12:04:38+00:00\" \/>\n<meta property=\"og:image\" content=\"https:\/\/asia-omb.com\/wp-content\/uploads\/2019\/12\/9-BAnk-of-Singapore-Loic-Serot--1024x608.jpg\" \/>\n\t<meta property=\"og:image:width\" content=\"1024\" \/>\n\t<meta property=\"og:image:height\" content=\"608\" \/>\n\t<meta property=\"og:image:type\" content=\"image\/jpeg\" \/>\n<meta name=\"twitter:card\" content=\"summary_large_image\" \/>\n<meta name=\"twitter:label1\" content=\"Dur\u00e9e de lecture estim\u00e9e\" \/>\n\t<meta name=\"twitter:data1\" content=\"2 minutes\" \/>\n<script type=\"application\/ld+json\" class=\"yoast-schema-graph\">{\"@context\":\"https:\\\/\\\/schema.org\",\"@graph\":[{\"@type\":\"WebPage\",\"@id\":\"https:\\\/\\\/asia-omb.com\\\/services-3\\\/\",\"url\":\"https:\\\/\\\/asia-omb.com\\\/services-3\\\/\",\"name\":\"Notre approche - Asia OMB\",\"isPartOf\":{\"@id\":\"https:\\\/\\\/asia-omb.com\\\/#website\"},\"primaryImageOfPage\":{\"@id\":\"https:\\\/\\\/asia-omb.com\\\/services-3\\\/#primaryimage\"},\"image\":{\"@id\":\"https:\\\/\\\/asia-omb.com\\\/services-3\\\/#primaryimage\"},\"thumbnailUrl\":\"https:\\\/\\\/i0.wp.com\\\/asia-omb.com\\\/wp-content\\\/uploads\\\/2019\\\/12\\\/9-BAnk-of-Singapore-Loic-Serot-.jpg?fit=3780%2C2244&ssl=1\",\"datePublished\":\"2018-05-18T03:32:26+00:00\",\"dateModified\":\"2020-01-14T12:04:38+00:00\",\"breadcrumb\":{\"@id\":\"https:\\\/\\\/asia-omb.com\\\/services-3\\\/#breadcrumb\"},\"inLanguage\":\"fr-FR\",\"potentialAction\":[{\"@type\":\"ReadAction\",\"target\":[\"https:\\\/\\\/asia-omb.com\\\/services-3\\\/\"]}]},{\"@type\":\"ImageObject\",\"inLanguage\":\"fr-FR\",\"@id\":\"https:\\\/\\\/asia-omb.com\\\/services-3\\\/#primaryimage\",\"url\":\"https:\\\/\\\/i0.wp.com\\\/asia-omb.com\\\/wp-content\\\/uploads\\\/2019\\\/12\\\/9-BAnk-of-Singapore-Loic-Serot-.jpg?fit=3780%2C2244&ssl=1\",\"contentUrl\":\"https:\\\/\\\/i0.wp.com\\\/asia-omb.com\\\/wp-content\\\/uploads\\\/2019\\\/12\\\/9-BAnk-of-Singapore-Loic-Serot-.jpg?fit=3780%2C2244&ssl=1\",\"width\":3780,\"height\":2244},{\"@type\":\"BreadcrumbList\",\"@id\":\"https:\\\/\\\/asia-omb.com\\\/services-3\\\/#breadcrumb\",\"itemListElement\":[{\"@type\":\"ListItem\",\"position\":1,\"name\":\"Home\",\"item\":\"https:\\\/\\\/asia-omb.com\\\/\"},{\"@type\":\"ListItem\",\"position\":2,\"name\":\"OUR WAY\"}]},{\"@type\":\"WebSite\",\"@id\":\"https:\\\/\\\/asia-omb.com\\\/#website\",\"url\":\"https:\\\/\\\/asia-omb.com\\\/\",\"name\":\"Asia OMB\",\"description\":\"\",\"potentialAction\":[{\"@type\":\"SearchAction\",\"target\":{\"@type\":\"EntryPoint\",\"urlTemplate\":\"https:\\\/\\\/asia-omb.com\\\/?s={search_term_string}\"},\"query-input\":{\"@type\":\"PropertyValueSpecification\",\"valueRequired\":true,\"valueName\":\"search_term_string\"}}],\"inLanguage\":\"fr-FR\"}]}<\/script>\n<!-- \/ Yoast SEO plugin. -->","yoast_head_json":{"title":"Notre approche - Asia OMB","robots":{"index":"index","follow":"follow","max-snippet":"max-snippet:-1","max-image-preview":"max-image-preview:large","max-video-preview":"max-video-preview:-1"},"canonical":"https:\/\/asia-omb.com\/services-3\/","og_locale":"fr_FR","og_type":"article","og_title":"Notre approche - Asia OMB","og_url":"https:\/\/asia-omb.com\/services-3\/","og_site_name":"Asia OMB","article_modified_time":"2020-01-14T12:04:38+00:00","og_image":[{"width":1024,"height":608,"url":"https:\/\/asia-omb.com\/wp-content\/uploads\/2019\/12\/9-BAnk-of-Singapore-Loic-Serot--1024x608.jpg","type":"image\/jpeg"}],"twitter_card":"summary_large_image","twitter_misc":{"Dur\u00e9e de lecture estim\u00e9e":"2 minutes"},"schema":{"@context":"https:\/\/schema.org","@graph":[{"@type":"WebPage","@id":"https:\/\/asia-omb.com\/services-3\/","url":"https:\/\/asia-omb.com\/services-3\/","name":"Notre approche - Asia OMB","isPartOf":{"@id":"https:\/\/asia-omb.com\/#website"},"primaryImageOfPage":{"@id":"https:\/\/asia-omb.com\/services-3\/#primaryimage"},"image":{"@id":"https:\/\/asia-omb.com\/services-3\/#primaryimage"},"thumbnailUrl":"https:\/\/i0.wp.com\/asia-omb.com\/wp-content\/uploads\/2019\/12\/9-BAnk-of-Singapore-Loic-Serot-.jpg?fit=3780%2C2244&ssl=1","datePublished":"2018-05-18T03:32:26+00:00","dateModified":"2020-01-14T12:04:38+00:00","breadcrumb":{"@id":"https:\/\/asia-omb.com\/services-3\/#breadcrumb"},"inLanguage":"fr-FR","potentialAction":[{"@type":"ReadAction","target":["https:\/\/asia-omb.com\/services-3\/"]}]},{"@type":"ImageObject","inLanguage":"fr-FR","@id":"https:\/\/asia-omb.com\/services-3\/#primaryimage","url":"https:\/\/i0.wp.com\/asia-omb.com\/wp-content\/uploads\/2019\/12\/9-BAnk-of-Singapore-Loic-Serot-.jpg?fit=3780%2C2244&ssl=1","contentUrl":"https:\/\/i0.wp.com\/asia-omb.com\/wp-content\/uploads\/2019\/12\/9-BAnk-of-Singapore-Loic-Serot-.jpg?fit=3780%2C2244&ssl=1","width":3780,"height":2244},{"@type":"BreadcrumbList","@id":"https:\/\/asia-omb.com\/services-3\/#breadcrumb","itemListElement":[{"@type":"ListItem","position":1,"name":"Home","item":"https:\/\/asia-omb.com\/"},{"@type":"ListItem","position":2,"name":"OUR WAY"}]},{"@type":"WebSite","@id":"https:\/\/asia-omb.com\/#website","url":"https:\/\/asia-omb.com\/","name":"Asia OMB","description":"","potentialAction":[{"@type":"SearchAction","target":{"@type":"EntryPoint","urlTemplate":"https:\/\/asia-omb.com\/?s={search_term_string}"},"query-input":{"@type":"PropertyValueSpecification","valueRequired":true,"valueName":"search_term_string"}}],"inLanguage":"fr-FR"}]}},"jetpack_sharing_enabled":false,"jetpack_shortlink":"https:\/\/wp.me\/P85vfl-2o","jetpack_likes_enabled":false,"_links":{"self":[{"href":"https:\/\/asia-omb.com\/fr\/wp-json\/wp\/v2\/pages\/148","targetHints":{"allow":["GET"]}}],"collection":[{"href":"https:\/\/asia-omb.com\/fr\/wp-json\/wp\/v2\/pages"}],"about":[{"href":"https:\/\/asia-omb.com\/fr\/wp-json\/wp\/v2\/types\/page"}],"author":[{"embeddable":true,"href":"https:\/\/asia-omb.com\/fr\/wp-json\/wp\/v2\/users\/1"}],"replies":[{"embeddable":true,"href":"https:\/\/asia-omb.com\/fr\/wp-json\/wp\/v2\/comments?post=148"}],"version-history":[{"count":53,"href":"https:\/\/asia-omb.com\/fr\/wp-json\/wp\/v2\/pages\/148\/revisions"}],"predecessor-version":[{"id":2305,"href":"https:\/\/asia-omb.com\/fr\/wp-json\/wp\/v2\/pages\/148\/revisions\/2305"}],"wp:featuredmedia":[{"embeddable":true,"href":"https:\/\/asia-omb.com\/fr\/wp-json\/wp\/v2\/media\/1945"}],"wp:attachment":[{"href":"https:\/\/asia-omb.com\/fr\/wp-json\/wp\/v2\/media?parent=148"}],"curies":[{"name":"wp","href":"https:\/\/api.w.org\/{rel}","templated":true}]}}